{"id":11648,"date":"2023-10-25T19:22:47","date_gmt":"2023-10-25T18:22:47","guid":{"rendered":"https:\/\/caracas.matersalvatoris.org\/?page_id=11648"},"modified":"2023-11-07T14:04:08","modified_gmt":"2023-11-07T13:04:08","slug":"extra-curricular-activities","status":"publish","type":"page","link":"https:\/\/caracas.matersalvatoris.org\/en\/extra-curricular-activities\/","title":{"rendered":"Extra-curricular activities"},"content":{"rendered":"<p>[et_pb_section fb_built=&#8221;1&#8243; fullwidth=&#8221;on&#8221; _builder_version=&#8221;4.22.2&#8243; _module_preset=&#8221;2ce0b7bd-dbb5-4adc-bc83-1100f73502ab&#8221; da_disable_devices=&#8221;off|off|off&#8221; global_colors_info=&#8221;{}&#8221; da_is_popup=&#8221;off&#8221; da_exit_intent=&#8221;off&#8221; da_has_close=&#8221;on&#8221; da_alt_close=&#8221;off&#8221; da_dark_close=&#8221;off&#8221; da_not_modal=&#8221;on&#8221; da_is_singular=&#8221;off&#8221; da_with_loader=&#8221;off&#8221; da_has_shadow=&#8221;on&#8221;][et_pb_fullwidth_slider _builder_version=&#8221;4.23&#8243; _module_preset=&#8221;9587e0c8-d8ae-4497-80de-dc6ac7c71289&#8243; global_colors_info=&#8221;{}&#8221;][et_pb_slide _builder_version=&#8221;4.23&#8243; _module_preset=&#8221;default&#8221; background_image=&#8221;https:\/\/caracas.matersalvatoris.org\/wp-content\/uploads\/2023\/10\/image-4.png&#8221; background_enable_image=&#8221;on&#8221; global_colors_info=&#8221;{}&#8221; sticky_transition=&#8221;on&#8221;][\/et_pb_slide][\/et_pb_fullwidth_slider][\/et_pb_section][et_pb_section fb_built=&#8221;1&#8243; _builder_version=&#8221;4.22.2&#8243; _module_preset=&#8221;c3571faf-1673-4b9f-bf46-f8250e9a3f6a&#8221; da_disable_devices=&#8221;off|off|off&#8221; global_colors_info=&#8221;{}&#8221; da_is_popup=&#8221;off&#8221; da_exit_intent=&#8221;off&#8221; da_has_close=&#8221;on&#8221; da_alt_close=&#8221;off&#8221; da_dark_close=&#8221;off&#8221; da_not_modal=&#8221;on&#8221; da_is_singular=&#8221;off&#8221; da_with_loader=&#8221;off&#8221; da_has_shadow=&#8221;on&#8221;][et_pb_row column_structure=&#8221;1_4,3_4&#8243; _builder_version=&#8221;4.22.2&#8243; _module_preset=&#8221;0b5ba106-5785-489f-ba7b-9fa41143096f&#8221; global_colors_info=&#8221;{}&#8221;][et_pb_column type=&#8221;1_4&#8243; _builder_version=&#8221;4.22.2&#8243; _module_preset=&#8221;824ebbaf-e3b5-4405-acb8-3b2fd9286d17&#8243; global_colors_info=&#8221;{}&#8221;][et_pb_text module_class=&#8221;tipo-peque tituloPaginaVerde&#8221; _builder_version=&#8221;4.23&#8243; _dynamic_attributes=&#8221;content&#8221; _module_preset=&#8221;ecb607dd-d36f-4b0d-a6f8-239bd01a7812&#8243; global_colors_info=&#8221;{}&#8221;]@ET-DC@eyJkeW5hbWljIjp0cnVlLCJjb250ZW50IjoicG9zdF90aXRsZSIsInNldHRpbmdzIjp7ImJlZm9yZSI6IiIsImFmdGVyIjoiIn19@[\/et_pb_text][et_pb_image src=&#8221;https:\/\/caracas.matersalvatoris.org\/wp-content\/uploads\/2023\/10\/image-153.jpeg&#8221; title_text=&#8221;image&#8221; _builder_version=&#8221;4.23&#8243; _module_preset=&#8221;78b8f189-3fc7-40bb-b902-2ab30819502b&#8221; global_colors_info=&#8221;{}&#8221;][\/et_pb_image][et_pb_image src=&#8221;https:\/\/caracas.matersalvatoris.org\/wp-content\/uploads\/2023\/10\/image-5.png&#8221; title_text=&#8221;image&#8221; _builder_version=&#8221;4.23&#8243; _module_preset=&#8221;78b8f189-3fc7-40bb-b902-2ab30819502b&#8221; global_colors_info=&#8221;{}&#8221;][\/et_pb_image][et_pb_image src=&#8221;https:\/\/caracas.matersalvatoris.org\/wp-content\/uploads\/2023\/10\/image-154.jpeg&#8221; title_text=&#8221;image&#8221; _builder_version=&#8221;4.23&#8243; _module_preset=&#8221;78b8f189-3fc7-40bb-b902-2ab30819502b&#8221; global_colors_info=&#8221;{}&#8221;][\/et_pb_image][\/et_pb_column][et_pb_column type=&#8221;3_4&#8243; _builder_version=&#8221;4.22.2&#8243; _module_preset=&#8221;fec2c85f-4b95-4256-bb6d-4b28d4ff7161&#8243; global_colors_info=&#8221;{}&#8221;][et_pb_text _builder_version=&#8221;4.23&#8243; _module_preset=&#8221;20504ce9-00fc-4f70-97e5-cb8f521d8155&#8243; global_colors_info=&#8221;{}&#8221;]<\/p>\n<p><strong>Extra-curricular activities, whether sporting or artistic, encourage and complement our students\u2019 overall development.<\/strong><\/p>\n<p><span>The <strong>Extra-curricular activities\u00a0<\/strong>will be organized and supervised by the <strong>E Cultural and Sporsts Association of the School Mater Salvatoris. <\/strong><\/span><span>These activities are carried out after the school day in the facilities of the school.<\/span><\/p>\n<p><span>The Association will look after the satisfaction of the activities\u2019 demands of the students.To that effect, they will evaluate the requests and will make the arrangements necessary to implement them. Me anex the information concerning the Extra-curricular activities of this academic year:\u00a0<a href=\"http:\/\/test.caracas.matersalvatoris.org\/wp-content\/uploads\/2017\/12\/Actividades-extracurriculares-curso-2017-2018.pdf\" rel=\"\">Actividades extracurriculares curso 2017 \u2013 2018<\/a><\/span><\/p>\n<p><span>To get in contact, you can email to:<\/span><\/p>\n<p><b>asc.cultdepms@matersalvatoris.org<\/b><\/p>\n<p>To this end, Mater Salvatoris School offers a range of activities which turn leisure time into a creative space for personal enjoyment, through learning different skills.<\/p>\n<p>[\/et_pb_text][et_pb_tabs _builder_version=&#8221;4.23&#8243; _module_preset=&#8221;be7b7b4d-ddc1-4c57-8d74-27617a8c54ea&#8221; hover_enabled=&#8221;0&#8243; global_colors_info=&#8221;{}&#8221; sticky_enabled=&#8221;0&#8243;][et_pb_tab title=&#8221;Sport activities&#8221; _builder_version=&#8221;4.23&#8243; _module_preset=&#8221;default&#8221; hover_enabled=&#8221;0&#8243; global_colors_info=&#8221;{}&#8221; sticky_enabled=&#8221;0&#8243;]<\/p>\n<p>At the end of morning lessons, students have an area where they are free to do the following activities:<\/p>\n<ul>\n<li><strong>Volleyball<\/strong>\n<p class=\"p\">Thanks to this sport the students learn how to work in a team, they develop their sportive abilities and learn how to compete with other schools. Many of the students start volleyball in 1\u00ba grade and never leave their passion for this sport.\n                <\/p>\n<p class=\"p\">&nbsp;<\/p>\n<\/li>\n<li><strong>Artistic gymnastics<\/strong>\n<p class=\"p\"><strong>Allows personal expressive abilities to develop.<\/strong> Our students from the age of 5 can initiate in this fascinating gymnastic world. The artistic gymnastics is considered one of the fundamental sports that develops basic human skills and abilities.\n                <\/p>\n<p class=\"p\">&nbsp;<\/p>\n<\/li>\n<li><strong>Rhythmic gymnastics<\/strong>\n<p class=\"p\"><strong>The Rhythmic gymnastics is a sportive discipline<\/strong> that combines gymnastic, dance and ballet while carrying out rhythmic movements. All this movements are made to the sound of music and with the help of pieces of equipment such as ropes, hoops, balls, clubs and ribbons.\n                <\/p>\n<p class=\"p\">&nbsp;<\/p>\n<\/li>\n<\/ul>\n<p>[\/et_pb_tab][et_pb_tab title=&#8221;Cultural activities&#8221; _builder_version=&#8221;4.23&#8243; _module_preset=&#8221;default&#8221; hover_enabled=&#8221;0&#8243; global_colors_info=&#8221;{}&#8221; sticky_enabled=&#8221;0&#8243;]<\/p>\n<p><span>Off the clock, the Shcool offers different activities, some of them given in Spanish and some others in English, so that second language immersion takes place in a fun and creative manner.<\/span><\/p>\n<ul>\n<li><strong>Bagpipes groupand (\u201cGaitas\u201d)<\/strong>\n<p class=\"p\">La \u201cGaita Zuliana\u201d is a musical gender from the Zulian State in Venezuela. This musical style is related to Christmas. Our students take part in inter-school festivals around christmas. This musical style includes instruments, singing and dancing. For 8 months the chosen students will be preparing there performance. It is a great pleasure to see our students perform so well in those sceneries.\n                <\/p>\n<p class=\"p\">&nbsp;<\/p>\n<\/li>\n<li><strong>The MUN<\/strong>\n<p class=\"p\">Mater Salvatoris Model United Nations (MSMUN) is an activity that simulates the United Nations Platform and looks forward to create a conscience in the now a days youth, in an ambient were values and aptitudes such as: tolerance, dialogue, respect and knowledge of the actual realities of the world. They develop themselves both academically and personally. At the same time it provides the youth with the abilities they will be needing to accomplish with excellence their future . To know more you can contact us in our web:  <a href=\"http:\/\/matersalvatorismun.wixsite.com\/msmun-\" target=\"_blank\" rel=\"noopener\">http:\/\/matersalvatorismun.wixsite.com\/msmun-<\/a>\n                <\/p>\n<p class=\"p\">&nbsp;<\/p>\n<\/li>\n<\/ul>\n<p>[\/et_pb_tab][et_pb_tab title=&#8221;Artistic activities&#8221; _builder_version=&#8221;4.23&#8243; _module_preset=&#8221;default&#8221; hover_enabled=&#8221;0&#8243; global_colors_info=&#8221;{}&#8221; sticky_enabled=&#8221;0&#8243;]<\/p>\n<ul>\n<li><strong>Dance<\/strong>\n<p class=\"p\"><strong>From 3rd grade, the Mater Salvatoris students<\/strong> can learn different choreographies and dances in this extra curricular activity. It is very popular in the school and many students have enjoyed themselves as well as developing attitudes such as: beauty, harmony, balance, teamwork and effort.<\/p>\n<p class=\"p\">&nbsp;<\/p>\n<\/li>\n<li><strong>Theatre<\/strong>\n<p class=\"p\"><strong>From 3rd grade, the Mater Salvatoris students<\/strong> interested in the theatre have the possibility of being part of this extra curricular activity. The drama workshop aims to develop students\u2019 expressive and creative potential. During the year they prepare for the stage a play. If you like to perform this is the best way of learning from little at School.\n        <\/p>\n<p class=\"p\">&nbsp;<\/p>\n<\/li>\n<li><strong>Crafts<\/strong>\n<p class=\"p\">The students from 5th and 6th grade have the opportunity to participate in a very complete activity called crafts. They not only do crafts, but also they cook. At the same time they have spiritual formation, games to learn how to have a good time as well as learning more about Jesus with fun things. It is the best way of spending your friday afternoon.\n        <\/p>\n<p class=\"p\">&nbsp;<\/p>\n<\/li>\n<\/ul>\n<p>[\/et_pb_tab][et_pb_tab title=&#8221;Academic activities&#8221; _builder_version=&#8221;4.23&#8243; _module_preset=&#8221;default&#8221; hover_enabled=&#8221;0&#8243; global_colors_info=&#8221;{}&#8221; sticky_enabled=&#8221;0&#8243;]<span>At the end of morning lessons, students have an area where they are free to do the following activities:<\/span><\/p>\n<ul>\n<li><strong>Spanish university entrance examination \u201cSelectividad\u201d<\/strong>\n<p class=\"p\">The globalized world we live at demands of our students that are willing to make their university studies in Spain to prepare them for the Spanish university entrance examination, called \u201cselectividad\u201d. This spanish university entrance examination is needed to study in most of universities at that country. In collaboration with an academy named \u201cRetos\u201d we try hard to prepare those students for their future with the best teachers and resources in our hand. And all this at our own School using our own facilities and faculties.\n        <\/p>\n<p class=\"p\">&nbsp;<\/p>\n<\/li>\n<li><strong>TOEFL, SAT, IELTS<\/strong>\n<p class=\"p\">Many of our students are willing to study abroad at USA and anglo saxon speaking countries, that is way the School offers them the possibility of preparing for the exams required to do so, such as:   TOEFL, SAT, IELTS.  As well as \u201cSelectividad\u201d, these exams are prepared by the academy called \u201cRetos\u201d in collaboration with the School. They take place as long as the minimum number is reached.\n        <\/p>\n<p class=\"p\">&nbsp;<\/p>\n<\/li>\n<\/ul>\n<p>[\/et_pb_tab][\/et_pb_tabs][\/et_pb_column][\/et_pb_row][\/et_pb_section]<\/p>\n","protected":false},"excerpt":{"rendered":"<p>Extra-curricular activities, whether sporting or artistic, encourage and complement our students\u2019 overall development. The Extra-curricular activities\u00a0will be organized and supervised by the E Cultural and Sporsts Association of the School [&hellip;]<\/p>\n","protected":false},"author":1,"featured_media":0,"parent":0,"menu_order":0,"comment_status":"closed","ping_status":"closed","template":"","meta":{"_et_pb_use_builder":"on","_et_pb_old_content":"[et_pb_section fb_built=\"1\" fullwidth=\"on\" _builder_version=\"4.22.2\" _module_preset=\"2ce0b7bd-dbb5-4adc-bc83-1100f73502ab\" da_disable_devices=\"off|off|off\" global_colors_info=\"{}\" da_is_popup=\"off\" da_exit_intent=\"off\" da_has_close=\"on\" da_alt_close=\"off\" da_dark_close=\"off\" da_not_modal=\"on\" da_is_singular=\"off\" da_with_loader=\"off\" da_has_shadow=\"on\"][et_pb_fullwidth_slider _builder_version=\"4.23\" _module_preset=\"9587e0c8-d8ae-4497-80de-dc6ac7c71289\" global_colors_info=\"{}\"][et_pb_slide _builder_version=\"4.23\" _module_preset=\"default\" background_image=\"https:\/\/caracas.matersalvatoris.org\/wp-content\/uploads\/2023\/10\/image-4.png\" background_enable_image=\"on\" global_colors_info=\"{}\" sticky_transition=\"on\"][\/et_pb_slide][\/et_pb_fullwidth_slider][\/et_pb_section][et_pb_section fb_built=\"1\" _builder_version=\"4.22.2\" _module_preset=\"c3571faf-1673-4b9f-bf46-f8250e9a3f6a\" da_disable_devices=\"off|off|off\" global_colors_info=\"{}\" da_is_popup=\"off\" da_exit_intent=\"off\" da_has_close=\"on\" da_alt_close=\"off\" da_dark_close=\"off\" da_not_modal=\"on\" da_is_singular=\"off\" da_with_loader=\"off\" da_has_shadow=\"on\"][et_pb_row column_structure=\"1_4,3_4\" _builder_version=\"4.22.2\" _module_preset=\"0b5ba106-5785-489f-ba7b-9fa41143096f\" global_colors_info=\"{}\"][et_pb_column type=\"1_4\" _builder_version=\"4.22.2\" _module_preset=\"824ebbaf-e3b5-4405-acb8-3b2fd9286d17\" global_colors_info=\"{}\"][et_pb_text module_class=\"tipo-peque tituloPaginaVerde\" _builder_version=\"4.23\" _dynamic_attributes=\"content\" _module_preset=\"ecb607dd-d36f-4b0d-a6f8-239bd01a7812\" global_colors_info=\"{}\"]@ET-DC@eyJkeW5hbWljIjp0cnVlLCJjb250ZW50IjoicG9zdF90aXRsZSIsInNldHRpbmdzIjp7ImJlZm9yZSI6IiIsImFmdGVyIjoiIn19@[\/et_pb_text][et_pb_image src=\"https:\/\/caracas.matersalvatoris.org\/wp-content\/uploads\/2023\/10\/image-153.jpeg\" title_text=\"image\" _builder_version=\"4.23\" _module_preset=\"78b8f189-3fc7-40bb-b902-2ab30819502b\" global_colors_info=\"{}\"][\/et_pb_image][et_pb_image src=\"https:\/\/caracas.matersalvatoris.org\/wp-content\/uploads\/2023\/10\/image-5.png\" title_text=\"image\" _builder_version=\"4.23\" _module_preset=\"78b8f189-3fc7-40bb-b902-2ab30819502b\" global_colors_info=\"{}\"][\/et_pb_image][et_pb_image src=\"https:\/\/caracas.matersalvatoris.org\/wp-content\/uploads\/2023\/10\/image-154.jpeg\" title_text=\"image\" _builder_version=\"4.23\" _module_preset=\"78b8f189-3fc7-40bb-b902-2ab30819502b\" global_colors_info=\"{}\"][\/et_pb_image][\/et_pb_column][et_pb_column type=\"3_4\" _builder_version=\"4.22.2\" _module_preset=\"fec2c85f-4b95-4256-bb6d-4b28d4ff7161\" global_colors_info=\"{}\"][et_pb_text _builder_version=\"4.23\" _module_preset=\"20504ce9-00fc-4f70-97e5-cb8f521d8155\" global_colors_info=\"{}\"]\n<p class=\"p1\"><span>Las Actividades Extracurriculares ser\u00e1n organizadas y supervisadas por la <strong><span class=\"s2\">Asociaci\u00f3n Cultural y Deportiva (ACD) del Colegio Mater Salvatoris.<\/span><\/strong><\/span><span>\u00a0Estas actividades se desarrollan despu\u00e9s de la jornada escolar en las instalaciones del colegio.<\/span><\/p>\nLa Asociaci\u00f3n velar\u00e1 por satisfacer la demanda de actividades de las alumnas. En tal sentido, evaluar\u00e1 las peticiones y har\u00e1 las gestiones necesarias para implementarlas. Les adjuntamos a continuaci\u00f3n la planilla con la informaci\u00f3n de todas las actividades extracurriculares:<a href=\"https:\/\/caracas.matersalvatoris.org\/wp-content\/uploads\/2023\/10\/circular-de-inicio-de-actividades-extraescolares.pdf\" target=\"_blank\" rel=\"noopener\"> Actividades extracurriculares curso 2022\/2023<\/a>\n\nPara ponerse en contacto puede hacerlo con el correo:\n\n<a href=\"mailto:asc.cultdepms@matersalvatoris.org\"><b>asc.cultdepms@matersalvatoris.org<\/b><\/a>\n\n<span>Actualmente, se realizan las siguientes actividades:<\/span>\n\n[\/et_pb_text][et_pb_tabs _builder_version=\"4.23\" _module_preset=\"be7b7b4d-ddc1-4c57-8d74-27617a8c54ea\" hover_enabled=\"0\" global_colors_info=\"{}\" sticky_enabled=\"0\"][et_pb_tab title=\"Actividades deportivas\" _builder_version=\"4.23\" _module_preset=\"default\" hover_enabled=\"0\" global_colors_info=\"{}\" sticky_enabled=\"0\"]\n<ul>\n \t<li><strong>Voleibol +<\/strong><\/li>\n \t<li><strong>Gimnasia art\u00edstica +<\/strong><\/li>\n \t<li><strong>Gimnasia r\u00edtmica +<\/strong><\/li>\n<\/ul>\n[\/et_pb_tab][et_pb_tab title=\"Actividades culturales\" _builder_version=\"4.23\" _module_preset=\"default\" hover_enabled=\"0\" global_colors_info=\"{}\" sticky_enabled=\"0\"]\n<ul>\n \t<li><strong>Gaitas+<\/strong><\/li>\n \t<li><strong>MUN +<\/strong><\/li>\n<\/ul>\n[\/et_pb_tab][et_pb_tab title=\"Actividades art\u00edsticas\" _builder_version=\"4.23\" _module_preset=\"default\" hover_enabled=\"0\" global_colors_info=\"{}\" sticky_enabled=\"0\"]\n<ul>\n \t<li><strong>Baile +<\/strong><\/li>\n \t<li><strong>M\u00fasica +<\/strong><\/li>\n \t<li><strong>Manualidades <\/strong><strong>+<\/strong><\/li>\n<\/ul>\n[\/et_pb_tab][\/et_pb_tabs][\/et_pb_column][\/et_pb_row][\/et_pb_section]","_et_gb_content_width":"","footnotes":""},"class_list":["post-11648","page","type-page","status-publish","hentry"],"yoast_head":"<!-- This site is optimized with the Yoast SEO plugin v26.6 - https:\/\/yoast.com\/wordpress\/plugins\/seo\/ -->\n<title>Extra-curricular activities - Colegios Mater Salvatoris Caracas<\/title>\n<meta name=\"robots\" content=\"index, follow, max-snippet:-1, max-image-preview:large, max-video-preview:-1\" \/>\n<link rel=\"canonical\" href=\"https:\/\/caracas.matersalvatoris.org\/en\/extra-curricular-activities\/\" \/>\n<meta property=\"og:locale\" content=\"en_US\" \/>\n<meta property=\"og:type\" content=\"article\" \/>\n<meta property=\"og:title\" content=\"Extra-curricular activities - Colegios Mater Salvatoris Caracas\" \/>\n<meta property=\"og:description\" content=\"Extra-curricular activities, whether sporting or artistic, encourage and complement our students\u2019 overall development. The Extra-curricular activities\u00a0will be organized and supervised by the E Cultural and Sporsts Association of the School [&hellip;]\" \/>\n<meta property=\"og:url\" content=\"https:\/\/caracas.matersalvatoris.org\/en\/extra-curricular-activities\/\" \/>\n<meta property=\"og:site_name\" content=\"Colegios Mater Salvatoris Caracas\" \/>\n<meta property=\"article:modified_time\" content=\"2023-11-07T13:04:08+00:00\" \/>\n<meta name=\"twitter:card\" content=\"summary_large_image\" \/>\n<meta name=\"twitter:label1\" content=\"Est. reading time\" \/>\n\t<meta name=\"twitter:data1\" content=\"1 minute\" \/>\n<script type=\"application\/ld+json\" class=\"yoast-schema-graph\">{\"@context\":\"https:\/\/schema.org\",\"@graph\":[{\"@type\":\"WebPage\",\"@id\":\"https:\/\/caracas.matersalvatoris.org\/en\/extra-curricular-activities\/\",\"url\":\"https:\/\/caracas.matersalvatoris.org\/en\/extra-curricular-activities\/\",\"name\":\"Extra-curricular activities - Colegios Mater Salvatoris Caracas\",\"isPartOf\":{\"@id\":\"https:\/\/caracas.matersalvatoris.org\/en\/#website\"},\"datePublished\":\"2023-10-25T18:22:47+00:00\",\"dateModified\":\"2023-11-07T13:04:08+00:00\",\"inLanguage\":\"en-US\",\"potentialAction\":[{\"@type\":\"ReadAction\",\"target\":[\"https:\/\/caracas.matersalvatoris.org\/en\/extra-curricular-activities\/\"]}]},{\"@type\":\"WebSite\",\"@id\":\"https:\/\/caracas.matersalvatoris.org\/en\/#website\",\"url\":\"https:\/\/caracas.matersalvatoris.org\/en\/\",\"name\":\"Colegios Mater Salvatoris Caracas\",\"description\":\"Colegios Mater Salvatoris Caracas\",\"potentialAction\":[{\"@type\":\"SearchAction\",\"target\":{\"@type\":\"EntryPoint\",\"urlTemplate\":\"https:\/\/caracas.matersalvatoris.org\/en\/?s={search_term_string}\"},\"query-input\":{\"@type\":\"PropertyValueSpecification\",\"valueRequired\":true,\"valueName\":\"search_term_string\"}}],\"inLanguage\":\"en-US\"}]}<\/script>\n<!-- \/ Yoast SEO plugin. -->","yoast_head_json":{"title":"Extra-curricular activities - Colegios Mater Salvatoris Caracas","robots":{"index":"index","follow":"follow","max-snippet":"max-snippet:-1","max-image-preview":"max-image-preview:large","max-video-preview":"max-video-preview:-1"},"canonical":"https:\/\/caracas.matersalvatoris.org\/en\/extra-curricular-activities\/","og_locale":"en_US","og_type":"article","og_title":"Extra-curricular activities - Colegios Mater Salvatoris Caracas","og_description":"Extra-curricular activities, whether sporting or artistic, encourage and complement our students\u2019 overall development. The Extra-curricular activities\u00a0will be organized and supervised by the E Cultural and Sporsts Association of the School [&hellip;]","og_url":"https:\/\/caracas.matersalvatoris.org\/en\/extra-curricular-activities\/","og_site_name":"Colegios Mater Salvatoris Caracas","article_modified_time":"2023-11-07T13:04:08+00:00","twitter_card":"summary_large_image","twitter_misc":{"Est. reading time":"1 minute"},"schema":{"@context":"https:\/\/schema.org","@graph":[{"@type":"WebPage","@id":"https:\/\/caracas.matersalvatoris.org\/en\/extra-curricular-activities\/","url":"https:\/\/caracas.matersalvatoris.org\/en\/extra-curricular-activities\/","name":"Extra-curricular activities - Colegios Mater Salvatoris Caracas","isPartOf":{"@id":"https:\/\/caracas.matersalvatoris.org\/en\/#website"},"datePublished":"2023-10-25T18:22:47+00:00","dateModified":"2023-11-07T13:04:08+00:00","inLanguage":"en-US","potentialAction":[{"@type":"ReadAction","target":["https:\/\/caracas.matersalvatoris.org\/en\/extra-curricular-activities\/"]}]},{"@type":"WebSite","@id":"https:\/\/caracas.matersalvatoris.org\/en\/#website","url":"https:\/\/caracas.matersalvatoris.org\/en\/","name":"Colegios Mater Salvatoris Caracas","description":"Colegios Mater Salvatoris Caracas","potentialAction":[{"@type":"SearchAction","target":{"@type":"EntryPoint","urlTemplate":"https:\/\/caracas.matersalvatoris.org\/en\/?s={search_term_string}"},"query-input":{"@type":"PropertyValueSpecification","valueRequired":true,"valueName":"search_term_string"}}],"inLanguage":"en-US"}]}},"_links":{"self":[{"href":"https:\/\/caracas.matersalvatoris.org\/en\/wp-json\/wp\/v2\/pages\/11648","targetHints":{"allow":["GET"]}}],"collection":[{"href":"https:\/\/caracas.matersalvatoris.org\/en\/wp-json\/wp\/v2\/pages"}],"about":[{"href":"https:\/\/caracas.matersalvatoris.org\/en\/wp-json\/wp\/v2\/types\/page"}],"author":[{"embeddable":true,"href":"https:\/\/caracas.matersalvatoris.org\/en\/wp-json\/wp\/v2\/users\/1"}],"replies":[{"embeddable":true,"href":"https:\/\/caracas.matersalvatoris.org\/en\/wp-json\/wp\/v2\/comments?post=11648"}],"version-history":[{"count":6,"href":"https:\/\/caracas.matersalvatoris.org\/en\/wp-json\/wp\/v2\/pages\/11648\/revisions"}],"predecessor-version":[{"id":17730,"href":"https:\/\/caracas.matersalvatoris.org\/en\/wp-json\/wp\/v2\/pages\/11648\/revisions\/17730"}],"wp:attachment":[{"href":"https:\/\/caracas.matersalvatoris.org\/en\/wp-json\/wp\/v2\/media?parent=11648"}],"curies":[{"name":"wp","href":"https:\/\/api.w.org\/{rel}","templated":true}]}}