{"id":11706,"date":"2023-10-25T19:37:04","date_gmt":"2023-10-25T18:37:04","guid":{"rendered":"https:\/\/caracas.matersalvatoris.org\/?page_id=11706"},"modified":"2023-10-25T19:55:00","modified_gmt":"2023-10-25T18:55:00","slug":"news","status":"publish","type":"page","link":"https:\/\/caracas.matersalvatoris.org\/en\/news\/","title":{"rendered":"News"},"content":{"rendered":"<p>[et_pb_section fb_built=&#8221;1&#8243; fullwidth=&#8221;on&#8221; _builder_version=&#8221;4.22.2&#8243; _module_preset=&#8221;2ce0b7bd-dbb5-4adc-bc83-1100f73502ab&#8221; da_disable_devices=&#8221;off|off|off&#8221; global_colors_info=&#8221;{}&#8221; da_is_popup=&#8221;off&#8221; da_exit_intent=&#8221;off&#8221; da_has_close=&#8221;on&#8221; da_alt_close=&#8221;off&#8221; da_dark_close=&#8221;off&#8221; da_not_modal=&#8221;on&#8221; da_is_singular=&#8221;off&#8221; da_with_loader=&#8221;off&#8221; da_has_shadow=&#8221;on&#8221;][et_pb_fullwidth_slider _builder_version=&#8221;4.23&#8243; _module_preset=&#8221;2659e1a5-1f37-4be7-8a70-752039ee73cd&#8221; hover_enabled=&#8221;0&#8243; global_colors_info=&#8221;{}&#8221; sticky_enabled=&#8221;0&#8243;][et_pb_slide _builder_version=&#8221;4.23&#8243; _module_preset=&#8221;default&#8221; background_image=&#8221;https:\/\/caracas.matersalvatoris.org\/wp-content\/uploads\/2023\/10\/image-165.jpeg&#8221; background_enable_image=&#8221;on&#8221; hover_enabled=&#8221;0&#8243; global_colors_info=&#8221;{}&#8221; sticky_transition=&#8221;on&#8221; title_text=&#8221;image&#8221; sticky_enabled=&#8221;0&#8243;][\/et_pb_slide][\/et_pb_fullwidth_slider][\/et_pb_section][et_pb_section fb_built=&#8221;1&#8243; admin_label=&#8221;Section&#8221; module_id=&#8221;sectionPorQueMater&#8221; _builder_version=&#8221;4.22.2&#8243; _module_preset=&#8221;f4623393-45eb-49e1-bafe-b8affb231e4d&#8221; da_popup_slug=&#8221;sectionPorQueMater&#8221; da_disable_devices=&#8221;off|off|off&#8221; global_colors_info=&#8221;{}&#8221; da_is_popup=&#8221;off&#8221; da_exit_intent=&#8221;off&#8221; da_has_close=&#8221;on&#8221; da_alt_close=&#8221;off&#8221; da_dark_close=&#8221;off&#8221; da_not_modal=&#8221;on&#8221; da_is_singular=&#8221;off&#8221; da_with_loader=&#8221;off&#8221; da_has_shadow=&#8221;on&#8221;][et_pb_row column_structure=&#8221;1_4,3_4&#8243; use_custom_gutter=&#8221;on&#8221; gutter_width=&#8221;1&#8243; make_equal=&#8221;on&#8221; _builder_version=&#8221;4.23&#8243; _module_preset=&#8221;default&#8221; custom_padding=&#8221;0px|0px|0px|0px|false|false&#8221; hover_enabled=&#8221;0&#8243; global_colors_info=&#8221;{}&#8221; sticky_enabled=&#8221;0&#8243;][et_pb_column type=&#8221;1_4&#8243; _builder_version=&#8221;4.16&#8243; _module_preset=&#8221;default&#8221; custom_padding=&#8221;|20px||30px|false|false&#8221; global_colors_info=&#8221;{}&#8221;][et_pb_text _builder_version=&#8221;4.22.2&#8243; _dynamic_attributes=&#8221;content&#8221; _module_preset=&#8221;ecb607dd-d36f-4b0d-a6f8-239bd01a7812&#8243; text_font_size=&#8221;31px&#8221; text_line_height=&#8221;1.1em&#8221; custom_padding=&#8221;90px||||false|false&#8221; global_colors_info=&#8221;{}&#8221;]@ET-DC@eyJkeW5hbWljIjp0cnVlLCJjb250ZW50IjoicG9zdF90aXRsZSIsInNldHRpbmdzIjp7ImJlZm9yZSI6IiIsImFmdGVyIjoiIn19@[\/et_pb_text][\/et_pb_column][et_pb_column type=&#8221;3_4&#8243; _builder_version=&#8221;4.23&#8243; _module_preset=&#8221;default&#8221; background_color=&#8221;#efefef&#8221; custom_padding=&#8221;|60px||60px|false|false&#8221; hover_enabled=&#8221;0&#8243; global_colors_info=&#8221;{}&#8221; sticky_enabled=&#8221;0&#8243;][et_pb_text _builder_version=&#8221;4.23&#8243; _module_preset=&#8221;9616b5da-827c-4a8d-ad6f-bcd50de1f39f&#8221; text_line_height=&#8221;1.1em&#8221; hover_enabled=&#8221;0&#8243; global_colors_info=&#8221;{}&#8221; sticky_enabled=&#8221;0&#8243;]<\/p>\n<p><strong>NOVEDADES DEL COLEGIO MATER SALVATORIS. <\/strong><span>\u00a0Les compartimos todas las noticias y novedades del colegio para que puedan acompa\u00f1arnos en nuestras alegr\u00edas. Esta es una de las mejores maneras de mantener nuestro v\u00ednculo con el Colegio y as\u00ed sentirnos parte en cada actividad, aunque no hayamos participado directamente.<\/span><\/p>\n<p>[\/et_pb_text][\/et_pb_column][\/et_pb_row][et_pb_row column_structure=&#8221;3_5,2_5&#8243; use_custom_gutter=&#8221;on&#8221; gutter_width=&#8221;1&#8243; make_equal=&#8221;on&#8221; _builder_version=&#8221;4.23&#8243; _module_preset=&#8221;default&#8221; custom_padding=&#8221;20px|30px|0px|0px|false|false&#8221; hover_enabled=&#8221;0&#8243; global_colors_info=&#8221;{}&#8221; sticky_enabled=&#8221;0&#8243;][et_pb_column type=&#8221;3_5&#8243; _builder_version=&#8221;4.16&#8243; _module_preset=&#8221;default&#8221; custom_padding=&#8221;|20px||30px|false|false&#8221; global_colors_info=&#8221;{}&#8221;][et_pb_image src=&#8221;https:\/\/caracas.matersalvatoris.org\/wp-content\/uploads\/2023\/10\/image-6.png&#8221; title_text=&#8221;image&#8221; _builder_version=&#8221;4.23&#8243; _module_preset=&#8221;default&#8221; hover_enabled=&#8221;0&#8243; global_colors_info=&#8221;{}&#8221; sticky_enabled=&#8221;0&#8243;][\/et_pb_image][\/et_pb_column][et_pb_column type=&#8221;2_5&#8243; _builder_version=&#8221;4.23&#8243; _module_preset=&#8221;default&#8221; background_color=&#8221;#efefef&#8221; custom_padding=&#8221;|40px||40px|false|false&#8221; hover_enabled=&#8221;0&#8243; global_colors_info=&#8221;{}&#8221; sticky_enabled=&#8221;0&#8243;][et_pb_text _builder_version=&#8221;4.23&#8243; _module_preset=&#8221;9616b5da-827c-4a8d-ad6f-bcd50de1f39f&#8221; hover_enabled=&#8221;0&#8243; global_colors_info=&#8221;{}&#8221; sticky_enabled=&#8221;0&#8243;]<\/p>\n<p style=\"text-align: justify;\"><span>Semana Mater 2022 Luego de varios a\u00f1os sin semana mater \u00a1este a\u00f1o vuelve! y la emoci\u00f3n no la podemos contener, ya pusimos manos a la obra en la preparaci\u00f3n de esta gran semana y para el D\u00eda Mater; el 25 de marzo, d\u00eda que celebramos la Solemnidad de la Anunciaci\u00f3n del Se\u00f1or, cuando el Angel Gabriel visit\u00f3 a la Sant\u00edsima Virgen Mar\u00eda. Estaremos compartiendo con toda la fmilia Mater a trav\u00e9s de nuestras redes sociales. \u00a1Nos vemos por all\u00e1!<\/span><\/p>\n<p>[\/et_pb_text][\/et_pb_column][\/et_pb_row][et_pb_row column_structure=&#8221;3_5,2_5&#8243; use_custom_gutter=&#8221;on&#8221; gutter_width=&#8221;1&#8243; make_equal=&#8221;on&#8221; _builder_version=&#8221;4.23&#8243; _module_preset=&#8221;default&#8221; custom_padding=&#8221;20px|0px|0px|30px|false|false&#8221; hover_enabled=&#8221;0&#8243; global_colors_info=&#8221;{}&#8221; sticky_enabled=&#8221;0&#8243;][et_pb_column type=&#8221;3_5&#8243; _builder_version=&#8221;4.23&#8243; _module_preset=&#8221;default&#8221; background_color=&#8221;#efefef&#8221; custom_padding=&#8221;|40px||40px|false|false&#8221; hover_enabled=&#8221;0&#8243; global_colors_info=&#8221;{}&#8221; sticky_enabled=&#8221;0&#8243;][et_pb_text _builder_version=&#8221;4.23&#8243; _module_preset=&#8221;9616b5da-827c-4a8d-ad6f-bcd50de1f39f&#8221; hover_enabled=&#8221;0&#8243; global_colors_info=&#8221;{}&#8221; sticky_enabled=&#8221;0&#8243;]<\/p>\n<p style=\"text-align: justify;\"><span>En el curso escolar 2021-2022, celebramos un precioso aniversario. Hace cien a\u00f1os nuestra Fundadora, la Venerable Madre Mar\u00eda F\u00e9lix, descubri\u00f3 su vocaci\u00f3n. Ten\u00eda 14 a\u00f1os, se encontr\u00f3 con Jesucristo, que la amaba, y se ofreci\u00f3 a \u00c9l del todo y para siempre. Era el 13 de abril, Jueves Santo de 1922. Este encuentro tuvo una caracter\u00edstica muy peculiar: sucedi\u00f3 en su colegio. All\u00ed floreci\u00f3 la vida cristiana que Mar\u00eda hab\u00eda heredado de sus padres y comenz\u00f3 una vida de intenso apostolado y de b\u00fasqueda sincera de la voluntad de Dios. Hoy todos nosotros nos beneficiamos de los frutos de ese &#8220;S\u00ed&#8221;, pronunciado por Mar\u00eda a los catorce a\u00f1os, as\u00ed como de la acci\u00f3n de Dios en ella. Con motivo de este aniversario, los d\u00edas 12 de cada mes, se realizar\u00e1 una Hora Santa con la exposici\u00f3n del Sant\u00edsimo en el Colegio. El pr\u00f3ximo viernes, 12 de noviembre, ser\u00e1 el primero.<\/span><\/p>\n<p>[\/et_pb_text][\/et_pb_column][et_pb_column type=&#8221;2_5&#8243; _builder_version=&#8221;4.16&#8243; _module_preset=&#8221;default&#8221; custom_padding=&#8221;|30px||20px|false|false&#8221; global_colors_info=&#8221;{}&#8221;][et_pb_image src=&#8221;https:\/\/caracas.matersalvatoris.org\/wp-content\/uploads\/2023\/10\/image-166.jpeg&#8221; title_text=&#8221;image&#8221; _builder_version=&#8221;4.23&#8243; _module_preset=&#8221;default&#8221; hover_enabled=&#8221;0&#8243; global_colors_info=&#8221;{}&#8221; sticky_enabled=&#8221;0&#8243;][\/et_pb_image][\/et_pb_column][\/et_pb_row][et_pb_row column_structure=&#8221;3_5,2_5&#8243; use_custom_gutter=&#8221;on&#8221; gutter_width=&#8221;1&#8243; make_equal=&#8221;on&#8221; _builder_version=&#8221;4.23&#8243; _module_preset=&#8221;default&#8221; custom_padding=&#8221;20px|30px|0px|0px|false|false&#8221; hover_enabled=&#8221;0&#8243; global_colors_info=&#8221;{}&#8221; sticky_enabled=&#8221;0&#8243;][et_pb_column type=&#8221;3_5&#8243; _builder_version=&#8221;4.16&#8243; _module_preset=&#8221;default&#8221; custom_padding=&#8221;|20px||30px|false|false&#8221; global_colors_info=&#8221;{}&#8221;][et_pb_image src=&#8221;https:\/\/caracas.matersalvatoris.org\/wp-content\/uploads\/2023\/10\/image-7.png&#8221; title_text=&#8221;image&#8221; _builder_version=&#8221;4.23&#8243; _module_preset=&#8221;default&#8221; hover_enabled=&#8221;0&#8243; global_colors_info=&#8221;{}&#8221; sticky_enabled=&#8221;0&#8243;][\/et_pb_image][\/et_pb_column][et_pb_column type=&#8221;2_5&#8243; _builder_version=&#8221;4.23&#8243; _module_preset=&#8221;default&#8221; background_color=&#8221;#efefef&#8221; custom_padding=&#8221;|40px||40px|false|false&#8221; hover_enabled=&#8221;0&#8243; global_colors_info=&#8221;{}&#8221; sticky_enabled=&#8221;0&#8243;][et_pb_text _builder_version=&#8221;4.23&#8243; _module_preset=&#8221;9616b5da-827c-4a8d-ad6f-bcd50de1f39f&#8221; hover_enabled=&#8221;0&#8243; global_colors_info=&#8221;{}&#8221; sticky_enabled=&#8221;0&#8243;]<\/p>\n<p style=\"text-align: justify;\"><span>Charlas para consagrar a tu familia al Sagrado Coraz\u00f3n de Jes\u00fas. Desde noviembre 2021, la Madre Bel\u00e9n nos ha estado acompa\u00f1ando en el proceso de preparaci\u00f3n para consagrar a nuestra familias al Sagrado Coraz\u00f3n de Jes\u00fas el pr\u00f3ximo junio de 2022. Esta prepaci\u00f3n consiste en seis charlas que se han estado dictando en el colegio los fines de semana (previo aviso). En cada charla la Madre Bel\u00e9n, de una forma din\u00e1mica y \u00fanica, nos gu\u00eda en este hermoso proceso que se consolidar\u00e1 en el mes de junio.<\/span><\/p>\n<p>[\/et_pb_text][\/et_pb_column][\/et_pb_row][et_pb_row column_structure=&#8221;2_5,3_5&#8243; use_custom_gutter=&#8221;on&#8221; gutter_width=&#8221;1&#8243; make_equal=&#8221;on&#8221; _builder_version=&#8221;4.23&#8243; _module_preset=&#8221;default&#8221; custom_padding=&#8221;20px|0px|0px|30px|false|false&#8221; hover_enabled=&#8221;0&#8243; global_colors_info=&#8221;{}&#8221; sticky_enabled=&#8221;0&#8243;][et_pb_column type=&#8221;2_5&#8243; _builder_version=&#8221;4.23&#8243; _module_preset=&#8221;default&#8221; background_color=&#8221;#efefef&#8221; custom_padding=&#8221;|40px||40px|false|false&#8221; hover_enabled=&#8221;0&#8243; global_colors_info=&#8221;{}&#8221; sticky_enabled=&#8221;0&#8243;][et_pb_text _builder_version=&#8221;4.23&#8243; _module_preset=&#8221;9616b5da-827c-4a8d-ad6f-bcd50de1f39f&#8221; hover_enabled=&#8221;0&#8243; global_colors_info=&#8221;{}&#8221; sticky_enabled=&#8221;0&#8243;]<\/p>\n<p style=\"text-align: justify;\"><span>\u00a1Vuelve nuestro cl\u00e1sico ENCUENTRO NAVIDE\u00d1O! El pr\u00f3ximo viernes 3 de diciembre de 2021 a la 1:00pm, esperamos a toda la Familia Mater en la Concha Ac\u00fastica de Bello Monte. Con mucha ilusi\u00f3n nos reencontraremos para disfrutar, al aire libre y de forma segura, una tarde especial con los nuestros y disfrutando de distintas actividades t\u00edpicas de nuestro colegio: presentaci\u00f3n de gaitas, nacimiento viviente, actividades recreacionales, food trucks \u00a1y m\u00e1s! Pr\u00f3ximamente estaremos cont\u00e1ndoles m\u00e1s sobre c\u00f3mo ser\u00e1 este d\u00eda y el precio de las entradas.<\/span><\/p>\n<p>[\/et_pb_text][\/et_pb_column][et_pb_column type=&#8221;3_5&#8243; _builder_version=&#8221;4.16&#8243; _module_preset=&#8221;default&#8221; custom_padding=&#8221;|30px||20px|false|false&#8221; global_colors_info=&#8221;{}&#8221;][et_pb_image src=&#8221;https:\/\/caracas.matersalvatoris.org\/wp-content\/uploads\/2023\/10\/image-167.jpeg&#8221; title_text=&#8221;image&#8221; _builder_version=&#8221;4.23&#8243; _module_preset=&#8221;default&#8221; hover_enabled=&#8221;0&#8243; global_colors_info=&#8221;{}&#8221; sticky_enabled=&#8221;0&#8243;][\/et_pb_image][\/et_pb_column][\/et_pb_row][\/et_pb_section]<\/p>\n","protected":false},"excerpt":{"rendered":"<p>NOVEDADES DEL COLEGIO MATER SALVATORIS. \u00a0Les compartimos todas las noticias y novedades del colegio para que puedan acompa\u00f1arnos en nuestras alegr\u00edas. Esta es una de las mejores maneras de mantener [&hellip;]<\/p>\n","protected":false},"author":1,"featured_media":0,"parent":0,"menu_order":0,"comment_status":"closed","ping_status":"closed","template":"","meta":{"_et_pb_use_builder":"on","_et_pb_old_content":"","_et_gb_content_width":"","footnotes":""},"class_list":["post-11706","page","type-page","status-publish","hentry"],"yoast_head":"<!-- This site is optimized with the Yoast SEO plugin v27.4 - https:\/\/yoast.com\/product\/yoast-seo-wordpress\/ -->\n<title>News - Colegios Mater Salvatoris Caracas<\/title>\n<meta name=\"robots\" content=\"index, follow, max-snippet:-1, max-image-preview:large, max-video-preview:-1\" \/>\n<link rel=\"canonical\" href=\"https:\/\/caracas.matersalvatoris.org\/en\/news\/\" \/>\n<meta property=\"og:locale\" content=\"en_US\" \/>\n<meta property=\"og:type\" content=\"article\" \/>\n<meta property=\"og:title\" content=\"News - Colegios Mater Salvatoris Caracas\" \/>\n<meta property=\"og:description\" content=\"NOVEDADES DEL COLEGIO MATER SALVATORIS. \u00a0Les compartimos todas las noticias y novedades del colegio para que puedan acompa\u00f1arnos en nuestras alegr\u00edas. Esta es una de las mejores maneras de mantener [&hellip;]\" \/>\n<meta property=\"og:url\" content=\"https:\/\/caracas.matersalvatoris.org\/en\/news\/\" \/>\n<meta property=\"og:site_name\" content=\"Colegios Mater Salvatoris Caracas\" \/>\n<meta property=\"article:modified_time\" content=\"2023-10-25T18:55:00+00:00\" \/>\n<meta name=\"twitter:card\" content=\"summary_large_image\" \/>\n<meta name=\"twitter:label1\" content=\"Est. reading time\" \/>\n\t<meta name=\"twitter:data1\" content=\"4 minutes\" \/>\n<script type=\"application\/ld+json\" class=\"yoast-schema-graph\">{\"@context\":\"https:\\\/\\\/schema.org\",\"@graph\":[{\"@type\":\"WebPage\",\"@id\":\"https:\\\/\\\/caracas.matersalvatoris.org\\\/en\\\/news\\\/\",\"url\":\"https:\\\/\\\/caracas.matersalvatoris.org\\\/en\\\/news\\\/\",\"name\":\"News - Colegios Mater Salvatoris Caracas\",\"isPartOf\":{\"@id\":\"https:\\\/\\\/caracas.matersalvatoris.org\\\/en\\\/#website\"},\"datePublished\":\"2023-10-25T18:37:04+00:00\",\"dateModified\":\"2023-10-25T18:55:00+00:00\",\"inLanguage\":\"en-US\",\"potentialAction\":[{\"@type\":\"ReadAction\",\"target\":[\"https:\\\/\\\/caracas.matersalvatoris.org\\\/en\\\/news\\\/\"]}]},{\"@type\":\"WebSite\",\"@id\":\"https:\\\/\\\/caracas.matersalvatoris.org\\\/en\\\/#website\",\"url\":\"https:\\\/\\\/caracas.matersalvatoris.org\\\/en\\\/\",\"name\":\"Colegios Mater Salvatoris Caracas\",\"description\":\"Colegios Mater Salvatoris Caracas\",\"potentialAction\":[{\"@type\":\"SearchAction\",\"target\":{\"@type\":\"EntryPoint\",\"urlTemplate\":\"https:\\\/\\\/caracas.matersalvatoris.org\\\/en\\\/?s={search_term_string}\"},\"query-input\":{\"@type\":\"PropertyValueSpecification\",\"valueRequired\":true,\"valueName\":\"search_term_string\"}}],\"inLanguage\":\"en-US\"}]}<\/script>\n<!-- \/ Yoast SEO plugin. -->","yoast_head_json":{"title":"News - Colegios Mater Salvatoris Caracas","robots":{"index":"index","follow":"follow","max-snippet":"max-snippet:-1","max-image-preview":"max-image-preview:large","max-video-preview":"max-video-preview:-1"},"canonical":"https:\/\/caracas.matersalvatoris.org\/en\/news\/","og_locale":"en_US","og_type":"article","og_title":"News - Colegios Mater Salvatoris Caracas","og_description":"NOVEDADES DEL COLEGIO MATER SALVATORIS. \u00a0Les compartimos todas las noticias y novedades del colegio para que puedan acompa\u00f1arnos en nuestras alegr\u00edas. Esta es una de las mejores maneras de mantener [&hellip;]","og_url":"https:\/\/caracas.matersalvatoris.org\/en\/news\/","og_site_name":"Colegios Mater Salvatoris Caracas","article_modified_time":"2023-10-25T18:55:00+00:00","twitter_card":"summary_large_image","twitter_misc":{"Est. reading time":"4 minutes"},"schema":{"@context":"https:\/\/schema.org","@graph":[{"@type":"WebPage","@id":"https:\/\/caracas.matersalvatoris.org\/en\/news\/","url":"https:\/\/caracas.matersalvatoris.org\/en\/news\/","name":"News - Colegios Mater Salvatoris Caracas","isPartOf":{"@id":"https:\/\/caracas.matersalvatoris.org\/en\/#website"},"datePublished":"2023-10-25T18:37:04+00:00","dateModified":"2023-10-25T18:55:00+00:00","inLanguage":"en-US","potentialAction":[{"@type":"ReadAction","target":["https:\/\/caracas.matersalvatoris.org\/en\/news\/"]}]},{"@type":"WebSite","@id":"https:\/\/caracas.matersalvatoris.org\/en\/#website","url":"https:\/\/caracas.matersalvatoris.org\/en\/","name":"Colegios Mater Salvatoris Caracas","description":"Colegios Mater Salvatoris Caracas","potentialAction":[{"@type":"SearchAction","target":{"@type":"EntryPoint","urlTemplate":"https:\/\/caracas.matersalvatoris.org\/en\/?s={search_term_string}"},"query-input":{"@type":"PropertyValueSpecification","valueRequired":true,"valueName":"search_term_string"}}],"inLanguage":"en-US"}]}},"_links":{"self":[{"href":"https:\/\/caracas.matersalvatoris.org\/en\/wp-json\/wp\/v2\/pages\/11706","targetHints":{"allow":["GET"]}}],"collection":[{"href":"https:\/\/caracas.matersalvatoris.org\/en\/wp-json\/wp\/v2\/pages"}],"about":[{"href":"https:\/\/caracas.matersalvatoris.org\/en\/wp-json\/wp\/v2\/types\/page"}],"author":[{"embeddable":true,"href":"https:\/\/caracas.matersalvatoris.org\/en\/wp-json\/wp\/v2\/users\/1"}],"replies":[{"embeddable":true,"href":"https:\/\/caracas.matersalvatoris.org\/en\/wp-json\/wp\/v2\/comments?post=11706"}],"version-history":[{"count":2,"href":"https:\/\/caracas.matersalvatoris.org\/en\/wp-json\/wp\/v2\/pages\/11706\/revisions"}],"predecessor-version":[{"id":11748,"href":"https:\/\/caracas.matersalvatoris.org\/en\/wp-json\/wp\/v2\/pages\/11706\/revisions\/11748"}],"wp:attachment":[{"href":"https:\/\/caracas.matersalvatoris.org\/en\/wp-json\/wp\/v2\/media?parent=11706"}],"curies":[{"name":"wp","href":"https:\/\/api.w.org\/{rel}","templated":true}]}}