{"id":11710,"date":"2023-10-25T19:37:47","date_gmt":"2023-10-25T18:37:47","guid":{"rendered":"https:\/\/caracas.matersalvatoris.org\/?page_id=11710"},"modified":"2023-10-25T19:37:48","modified_gmt":"2023-10-25T18:37:48","slug":"pagina-estandar","status":"publish","type":"page","link":"https:\/\/caracas.matersalvatoris.org\/en\/pagina-estandar\/","title":{"rendered":"P\u00e1gina est\u00e1ndar"},"content":{"rendered":"<p>[et_pb_section fb_built=&#8221;1&#8243; fullwidth=&#8221;on&#8221; _builder_version=&#8221;4.22.2&#8243; _module_preset=&#8221;2ce0b7bd-dbb5-4adc-bc83-1100f73502ab&#8221; da_disable_devices=&#8221;off|off|off&#8221; global_colors_info=&#8221;{}&#8221; da_is_popup=&#8221;off&#8221; da_exit_intent=&#8221;off&#8221; da_has_close=&#8221;on&#8221; da_alt_close=&#8221;off&#8221; da_dark_close=&#8221;off&#8221; da_not_modal=&#8221;on&#8221; da_is_singular=&#8221;off&#8221; da_with_loader=&#8221;off&#8221; da_has_shadow=&#8221;on&#8221;][et_pb_fullwidth_slider _builder_version=&#8221;4.22.2&#8243; _module_preset=&#8221;9587e0c8-d8ae-4497-80de-dc6ac7c71289&#8243; global_colors_info=&#8221;{}&#8221;][et_pb_slide _builder_version=&#8221;4.16&#8243; _module_preset=&#8221;default&#8221; background_image=&#8221;https:\/\/caracas.matersalvatoris.org\/wp-content\/uploads\/2021\/10\/slide_1.jpg&#8221; background_enable_image=&#8221;on&#8221; global_colors_info=&#8221;{}&#8221; sticky_transition=&#8221;on&#8221;][\/et_pb_slide][et_pb_slide _builder_version=&#8221;4.16&#8243; _module_preset=&#8221;default&#8221; background_image=&#8221;https:\/\/caracas.matersalvatoris.org\/wp-content\/uploads\/2021\/10\/slide_2.jpg&#8221; background_enable_image=&#8221;on&#8221; global_colors_info=&#8221;{}&#8221; sticky_transition=&#8221;on&#8221;][\/et_pb_slide][et_pb_slide _builder_version=&#8221;4.16&#8243; _module_preset=&#8221;default&#8221; background_image=&#8221;https:\/\/caracas.matersalvatoris.org\/wp-content\/uploads\/2021\/10\/slide_3.jpg&#8221; background_enable_image=&#8221;on&#8221; global_colors_info=&#8221;{}&#8221; sticky_transition=&#8221;on&#8221;][\/et_pb_slide][et_pb_slide _builder_version=&#8221;4.16&#8243; _module_preset=&#8221;default&#8221; background_image=&#8221;https:\/\/caracas.matersalvatoris.org\/wp-content\/uploads\/2021\/10\/slide_4.jpg&#8221; background_enable_image=&#8221;on&#8221; global_colors_info=&#8221;{}&#8221; sticky_transition=&#8221;on&#8221;][\/et_pb_slide][et_pb_slide _builder_version=&#8221;4.16&#8243; _module_preset=&#8221;default&#8221; background_image=&#8221;https:\/\/caracas.matersalvatoris.org\/wp-content\/uploads\/2021\/10\/slide_5.jpg&#8221; background_enable_image=&#8221;on&#8221; global_colors_info=&#8221;{}&#8221; sticky_transition=&#8221;on&#8221;][\/et_pb_slide][\/et_pb_fullwidth_slider][\/et_pb_section][et_pb_section fb_built=&#8221;1&#8243; _builder_version=&#8221;4.22.2&#8243; _module_preset=&#8221;c3571faf-1673-4b9f-bf46-f8250e9a3f6a&#8221; da_disable_devices=&#8221;off|off|off&#8221; global_colors_info=&#8221;{}&#8221; da_is_popup=&#8221;off&#8221; da_exit_intent=&#8221;off&#8221; da_has_close=&#8221;on&#8221; da_alt_close=&#8221;off&#8221; da_dark_close=&#8221;off&#8221; da_not_modal=&#8221;on&#8221; da_is_singular=&#8221;off&#8221; da_with_loader=&#8221;off&#8221; da_has_shadow=&#8221;on&#8221;][et_pb_row column_structure=&#8221;1_4,3_4&#8243; _builder_version=&#8221;4.22.2&#8243; _module_preset=&#8221;0b5ba106-5785-489f-ba7b-9fa41143096f&#8221; global_colors_info=&#8221;{}&#8221;][et_pb_column type=&#8221;1_4&#8243; _builder_version=&#8221;4.22.2&#8243; _module_preset=&#8221;824ebbaf-e3b5-4405-acb8-3b2fd9286d17&#8243; global_colors_info=&#8221;{}&#8221;][et_pb_text _builder_version=&#8221;4.22.2&#8243; _dynamic_attributes=&#8221;content&#8221; _module_preset=&#8221;ecb607dd-d36f-4b0d-a6f8-239bd01a7812&#8243; global_colors_info=&#8221;{}&#8221;]@ET-DC@eyJkeW5hbWljIjp0cnVlLCJjb250ZW50IjoicG9zdF90aXRsZSIsInNldHRpbmdzIjp7ImJlZm9yZSI6IiIsImFmdGVyIjoiIn19@[\/et_pb_text][et_pb_image src=&#8221;https:\/\/caracas.matersalvatoris.org\/wp-content\/uploads\/2021\/11\/quienes-somos-1200&#215;1600-1.jpg&#8221; title_text=&#8221;quienes-somos-1200&#215;1600&#8243; _builder_version=&#8221;4.22.2&#8243; _module_preset=&#8221;78b8f189-3fc7-40bb-b902-2ab30819502b&#8221; global_colors_info=&#8221;{}&#8221;][\/et_pb_image][\/et_pb_column][et_pb_column type=&#8221;3_4&#8243; _builder_version=&#8221;4.22.2&#8243; _module_preset=&#8221;fec2c85f-4b95-4256-bb6d-4b28d4ff7161&#8243; global_colors_info=&#8221;{}&#8221;][et_pb_text _builder_version=&#8221;4.22.2&#8243; _module_preset=&#8221;20504ce9-00fc-4f70-97e5-cb8f521d8155&#8243; global_colors_info=&#8221;{}&#8221;]<\/p>\n<p><strong>Mater Salvatoris es un Colegio concertado, cat\u00f3lico y mixto, dirigido por las Religiosas de la Compa\u00f1\u00eda del Salvador,<\/strong> Instituto Religioso de derecho pontificio, fundado por la Madre Mar\u00eda F\u00e9lix con la finalidad de educar a ni\u00f1os y j\u00f3venes conforme a la doctrina de la Iglesia cat\u00f3lica.<\/p>\n<p>Direcci\u00f3n, alumnos y profesores forman una comunidad abierta, dialogante y participativa.<\/p>\n<p>El Centro tiene concertadas con el Departamento de Educaci\u00f3n de la Generalidad de Catalu\u00f1a tres de las etapas educativas que se imparten: <strong>Educaci\u00f3n Infantil, Educaci\u00f3n Primaria y Educaci\u00f3n Secundaria Obligatoria.<\/strong><\/p>\n<p>El Colegio ampl\u00eda su oferta educativa en otras dos etapas no concertadas:<\/p>\n<ul>\n<li><strong>Educaci\u00f3n para ni\u00f1os de 1 y 2 a\u00f1os.<\/strong><\/li>\n<li><strong>Bachillerato.<\/strong><\/li>\n<\/ul>\n<p>[\/et_pb_text][et_pb_text _builder_version=&#8221;4.22.2&#8243; _module_preset=&#8221;f8b6535a-4f35-4292-bb87-62eee3d9103b&#8221; global_colors_info=&#8221;{}&#8221; hover_enabled=&#8221;0&#8243; sticky_enabled=&#8221;0&#8243;]<\/p>\n<p><span>El Colegio Mater Salvatoris ofrece una ense\u00f1anza de calidad, cuenta con un Proyecto Educativo propio, propuestas pedag\u00f3gicas innovadoras e implantaci\u00f3n de la Tecnolog\u00eda aplicada al proceso de ense\u00f1anza y aprendizaje (PBL).<\/span><\/p>\n<p>[\/et_pb_text][\/et_pb_column][\/et_pb_row][\/et_pb_section]<\/p>\n","protected":false},"excerpt":{"rendered":"<p>Mater Salvatoris es un Colegio concertado, cat\u00f3lico y mixto, dirigido por las Religiosas de la Compa\u00f1\u00eda del Salvador, Instituto Religioso de derecho pontificio, fundado por la Madre Mar\u00eda F\u00e9lix con [&hellip;]<\/p>\n","protected":false},"author":1,"featured_media":0,"parent":0,"menu_order":0,"comment_status":"closed","ping_status":"closed","template":"","meta":{"_et_pb_use_builder":"on","_et_pb_old_content":"","_et_gb_content_width":"","footnotes":""},"class_list":["post-11710","page","type-page","status-publish","hentry"],"yoast_head":"<!-- This site is optimized with the Yoast SEO plugin v26.6 - https:\/\/yoast.com\/wordpress\/plugins\/seo\/ -->\n<title>P\u00e1gina est\u00e1ndar - Colegios Mater Salvatoris Caracas<\/title>\n<meta name=\"robots\" content=\"index, follow, max-snippet:-1, max-image-preview:large, max-video-preview:-1\" \/>\n<link rel=\"canonical\" href=\"https:\/\/caracas.matersalvatoris.org\/en\/pagina-estandar\/\" \/>\n<meta property=\"og:locale\" content=\"en_US\" \/>\n<meta property=\"og:type\" content=\"article\" \/>\n<meta property=\"og:title\" content=\"P\u00e1gina est\u00e1ndar - Colegios Mater Salvatoris Caracas\" \/>\n<meta property=\"og:description\" content=\"Mater Salvatoris es un Colegio concertado, cat\u00f3lico y mixto, dirigido por las Religiosas de la Compa\u00f1\u00eda del Salvador, Instituto Religioso de derecho pontificio, fundado por la Madre Mar\u00eda F\u00e9lix con [&hellip;]\" \/>\n<meta property=\"og:url\" content=\"https:\/\/caracas.matersalvatoris.org\/en\/pagina-estandar\/\" \/>\n<meta property=\"og:site_name\" content=\"Colegios Mater Salvatoris Caracas\" \/>\n<meta property=\"article:modified_time\" content=\"2023-10-25T18:37:48+00:00\" \/>\n<meta name=\"twitter:card\" content=\"summary_large_image\" \/>\n<meta name=\"twitter:label1\" content=\"Est. reading time\" \/>\n\t<meta name=\"twitter:data1\" content=\"2 minutes\" \/>\n<script type=\"application\/ld+json\" class=\"yoast-schema-graph\">{\"@context\":\"https:\/\/schema.org\",\"@graph\":[{\"@type\":\"WebPage\",\"@id\":\"https:\/\/caracas.matersalvatoris.org\/en\/pagina-estandar\/\",\"url\":\"https:\/\/caracas.matersalvatoris.org\/en\/pagina-estandar\/\",\"name\":\"P\u00e1gina est\u00e1ndar - Colegios Mater Salvatoris Caracas\",\"isPartOf\":{\"@id\":\"https:\/\/caracas.matersalvatoris.org\/en\/#website\"},\"datePublished\":\"2023-10-25T18:37:47+00:00\",\"dateModified\":\"2023-10-25T18:37:48+00:00\",\"inLanguage\":\"en-US\",\"potentialAction\":[{\"@type\":\"ReadAction\",\"target\":[\"https:\/\/caracas.matersalvatoris.org\/en\/pagina-estandar\/\"]}]},{\"@type\":\"WebSite\",\"@id\":\"https:\/\/caracas.matersalvatoris.org\/en\/#website\",\"url\":\"https:\/\/caracas.matersalvatoris.org\/en\/\",\"name\":\"Colegios Mater Salvatoris Caracas\",\"description\":\"Colegios Mater Salvatoris Caracas\",\"potentialAction\":[{\"@type\":\"SearchAction\",\"target\":{\"@type\":\"EntryPoint\",\"urlTemplate\":\"https:\/\/caracas.matersalvatoris.org\/en\/?s={search_term_string}\"},\"query-input\":{\"@type\":\"PropertyValueSpecification\",\"valueRequired\":true,\"valueName\":\"search_term_string\"}}],\"inLanguage\":\"en-US\"}]}<\/script>\n<!-- \/ Yoast SEO plugin. -->","yoast_head_json":{"title":"P\u00e1gina est\u00e1ndar - Colegios Mater Salvatoris Caracas","robots":{"index":"index","follow":"follow","max-snippet":"max-snippet:-1","max-image-preview":"max-image-preview:large","max-video-preview":"max-video-preview:-1"},"canonical":"https:\/\/caracas.matersalvatoris.org\/en\/pagina-estandar\/","og_locale":"en_US","og_type":"article","og_title":"P\u00e1gina est\u00e1ndar - Colegios Mater Salvatoris Caracas","og_description":"Mater Salvatoris es un Colegio concertado, cat\u00f3lico y mixto, dirigido por las Religiosas de la Compa\u00f1\u00eda del Salvador, Instituto Religioso de derecho pontificio, fundado por la Madre Mar\u00eda F\u00e9lix con [&hellip;]","og_url":"https:\/\/caracas.matersalvatoris.org\/en\/pagina-estandar\/","og_site_name":"Colegios Mater Salvatoris Caracas","article_modified_time":"2023-10-25T18:37:48+00:00","twitter_card":"summary_large_image","twitter_misc":{"Est. reading time":"2 minutes"},"schema":{"@context":"https:\/\/schema.org","@graph":[{"@type":"WebPage","@id":"https:\/\/caracas.matersalvatoris.org\/en\/pagina-estandar\/","url":"https:\/\/caracas.matersalvatoris.org\/en\/pagina-estandar\/","name":"P\u00e1gina est\u00e1ndar - Colegios Mater Salvatoris Caracas","isPartOf":{"@id":"https:\/\/caracas.matersalvatoris.org\/en\/#website"},"datePublished":"2023-10-25T18:37:47+00:00","dateModified":"2023-10-25T18:37:48+00:00","inLanguage":"en-US","potentialAction":[{"@type":"ReadAction","target":["https:\/\/caracas.matersalvatoris.org\/en\/pagina-estandar\/"]}]},{"@type":"WebSite","@id":"https:\/\/caracas.matersalvatoris.org\/en\/#website","url":"https:\/\/caracas.matersalvatoris.org\/en\/","name":"Colegios Mater Salvatoris Caracas","description":"Colegios Mater Salvatoris Caracas","potentialAction":[{"@type":"SearchAction","target":{"@type":"EntryPoint","urlTemplate":"https:\/\/caracas.matersalvatoris.org\/en\/?s={search_term_string}"},"query-input":{"@type":"PropertyValueSpecification","valueRequired":true,"valueName":"search_term_string"}}],"inLanguage":"en-US"}]}},"_links":{"self":[{"href":"https:\/\/caracas.matersalvatoris.org\/en\/wp-json\/wp\/v2\/pages\/11710","targetHints":{"allow":["GET"]}}],"collection":[{"href":"https:\/\/caracas.matersalvatoris.org\/en\/wp-json\/wp\/v2\/pages"}],"about":[{"href":"https:\/\/caracas.matersalvatoris.org\/en\/wp-json\/wp\/v2\/types\/page"}],"author":[{"embeddable":true,"href":"https:\/\/caracas.matersalvatoris.org\/en\/wp-json\/wp\/v2\/users\/1"}],"replies":[{"embeddable":true,"href":"https:\/\/caracas.matersalvatoris.org\/en\/wp-json\/wp\/v2\/comments?post=11710"}],"version-history":[{"count":1,"href":"https:\/\/caracas.matersalvatoris.org\/en\/wp-json\/wp\/v2\/pages\/11710\/revisions"}],"predecessor-version":[{"id":11711,"href":"https:\/\/caracas.matersalvatoris.org\/en\/wp-json\/wp\/v2\/pages\/11710\/revisions\/11711"}],"wp:attachment":[{"href":"https:\/\/caracas.matersalvatoris.org\/en\/wp-json\/wp\/v2\/media?parent=11710"}],"curies":[{"name":"wp","href":"https:\/\/api.w.org\/{rel}","templated":true}]}}